{"id":76971,"date":"2023-03-30T13:12:55","date_gmt":"2023-03-30T11:12:55","guid":{"rendered":"https:\/\/kidslicensing.com\/?post_type=product&#038;p=76971"},"modified":"2023-05-18T12:14:36","modified_gmt":"2023-05-18T10:14:36","slug":"paw-patrol-set-cantimplora-sandwichera","status":"publish","type":"product","link":"https:\/\/kidslicensing.com\/es\/shop\/homeware-es\/homeware-sets-es\/paw-patrol-set-cantimplora-sandwichera\/","title":{"rendered":"SET CANTIMPLORA ALUMINIO 500ML + SANDWICHERA PAW PATROL"},"content":{"rendered":"","protected":false},"excerpt":{"rendered":"<p>*Incluye: Cantimplora y sandwichera<br \/>*Cierre sandwichera por click<br \/>*Gran capacidad de almacenaje<br \/>*Medida ideal para transportar en mochila<br \/>*Cantimplora de aluminio<br \/>*Conservaci\u00f3n t\u00e9rmica de los l\u00edquidos<br \/>*Cierre herm\u00e9tico<\/p>\n","protected":false},"featured_media":79938,"comment_status":"open","ping_status":"closed","template":"","meta":[],"product_cat":[899],"product_tag":[225],"class_list":{"0":"post-76971","1":"product","2":"type-product","3":"status-publish","4":"has-post-thumbnail","5":"hentry","6":"product_cat-homeware-sets-es","7":"product_tag-paw-patrol-es","9":"entry","10":"has-media","11":"owp-thumbs-layout-horizontal","12":"owp-btn-normal","13":"owp-tabs-layout-horizontal","14":"has-product-nav"},"_links":{"self":[{"href":"https:\/\/kidslicensing.com\/es\/wp-json\/wp\/v2\/product\/76971","targetHints":{"allow":["GET"]}}],"collection":[{"href":"https:\/\/kidslicensing.com\/es\/wp-json\/wp\/v2\/product"}],"about":[{"href":"https:\/\/kidslicensing.com\/es\/wp-json\/wp\/v2\/types\/product"}],"replies":[{"embeddable":true,"href":"https:\/\/kidslicensing.com\/es\/wp-json\/wp\/v2\/comments?post=76971"}],"version-history":[{"count":1,"href":"https:\/\/kidslicensing.com\/es\/wp-json\/wp\/v2\/product\/76971\/revisions"}],"predecessor-version":[{"id":76980,"href":"https:\/\/kidslicensing.com\/es\/wp-json\/wp\/v2\/product\/76971\/revisions\/76980"}],"wp:featuredmedia":[{"embeddable":true,"href":"https:\/\/kidslicensing.com\/es\/wp-json\/wp\/v2\/media\/79938"}],"wp:attachment":[{"href":"https:\/\/kidslicensing.com\/es\/wp-json\/wp\/v2\/media?parent=76971"}],"wp:term":[{"taxonomy":"product_cat","embeddable":true,"href":"https:\/\/kidslicensing.com\/es\/wp-json\/wp\/v2\/product_cat?post=76971"},{"taxonomy":"product_tag","embeddable":true,"href":"https:\/\/kidslicensing.com\/es\/wp-json\/wp\/v2\/product_tag?post=76971"}],"curies":[{"name":"wp","href":"https:\/\/api.w.org\/{rel}","templated":true}]}}