{"id":76982,"date":"2023-03-30T13:16:31","date_gmt":"2023-03-30T11:16:31","guid":{"rendered":"https:\/\/kidslicensing.com\/?post_type=product&#038;p=76982"},"modified":"2023-05-18T12:14:37","modified_gmt":"2023-05-18T10:14:37","slug":"spiderman-set-cantimplora-sandwicheras","status":"publish","type":"product","link":"https:\/\/kidslicensing.com\/es\/shop\/homeware-es\/homeware-sets-es\/spiderman-set-cantimplora-sandwicheras\/","title":{"rendered":"SET CANTIMPLORA ALUMINIO 500ML + SANDWICHERA SPIDERMAN"},"content":{"rendered":"","protected":false},"excerpt":{"rendered":"<p>*Incluye: Cantimplora y sandwichera<br \/>*Cierre sandwichera por click<br \/>*Gran capacidad de almacenaje<br \/>*Medida ideal para transportar en mochila<br \/>*Cantimplora de aluminio<br \/>*Conservaci\u00f3n t\u00e9rmica de los l\u00edquidos<br \/>*Cierre herm\u00e9tico<\/p>\n","protected":false},"featured_media":79986,"comment_status":"open","ping_status":"closed","template":"","meta":[],"product_cat":[899],"product_tag":[1049],"class_list":{"0":"post-76982","1":"product","2":"type-product","3":"status-publish","4":"has-post-thumbnail","5":"hentry","6":"product_cat-homeware-sets-es","7":"product_tag-spiderman-es","9":"entry","10":"has-media","11":"owp-thumbs-layout-horizontal","12":"owp-btn-normal","13":"owp-tabs-layout-horizontal","14":"has-product-nav"},"_links":{"self":[{"href":"https:\/\/kidslicensing.com\/es\/wp-json\/wp\/v2\/product\/76982","targetHints":{"allow":["GET"]}}],"collection":[{"href":"https:\/\/kidslicensing.com\/es\/wp-json\/wp\/v2\/product"}],"about":[{"href":"https:\/\/kidslicensing.com\/es\/wp-json\/wp\/v2\/types\/product"}],"replies":[{"embeddable":true,"href":"https:\/\/kidslicensing.com\/es\/wp-json\/wp\/v2\/comments?post=76982"}],"version-history":[{"count":1,"href":"https:\/\/kidslicensing.com\/es\/wp-json\/wp\/v2\/product\/76982\/revisions"}],"predecessor-version":[{"id":76985,"href":"https:\/\/kidslicensing.com\/es\/wp-json\/wp\/v2\/product\/76982\/revisions\/76985"}],"wp:featuredmedia":[{"embeddable":true,"href":"https:\/\/kidslicensing.com\/es\/wp-json\/wp\/v2\/media\/79986"}],"wp:attachment":[{"href":"https:\/\/kidslicensing.com\/es\/wp-json\/wp\/v2\/media?parent=76982"}],"wp:term":[{"taxonomy":"product_cat","embeddable":true,"href":"https:\/\/kidslicensing.com\/es\/wp-json\/wp\/v2\/product_cat?post=76982"},{"taxonomy":"product_tag","embeddable":true,"href":"https:\/\/kidslicensing.com\/es\/wp-json\/wp\/v2\/product_tag?post=76982"}],"curies":[{"name":"wp","href":"https:\/\/api.w.org\/{rel}","templated":true}]}}