{"id":76999,"date":"2023-03-30T13:42:12","date_gmt":"2023-03-30T11:42:12","guid":{"rendered":"https:\/\/kidslicensing.com\/?post_type=product&#038;p=76999"},"modified":"2023-09-26T12:58:54","modified_gmt":"2023-09-26T10:58:54","slug":"sonic-reloj-inteligente","status":"publish","type":"product","link":"https:\/\/kidslicensing.com\/es\/shop\/watches-clocks-es\/digital-watches-es\/sonic-reloj-inteligente\/","title":{"rendered":"RELOJ INTELIGENTE SONIC"},"content":{"rendered":"","protected":false},"excerpt":{"rendered":"<p>Para los fieles seguidores de Sonic, este reloj inteligente se va a convertir en el accesorio favorito de tu peque para cada d\u00eda. Con \u00e9l va a poder jugar y aprender con un dise\u00f1o adaptado a la \u00faltima moda. Contiene 10 funciones interactivas:<br \/>\n-C\u00e1mara de fotos y v\u00eddeo<br \/>\n-Juegos incorporados<br \/>\n-Calculadora<br \/>\n-Grabadora de voz<br \/>\n-Reloj digital<br \/>\n-Alarma<br \/>\n-Pod\u00f3metro<br \/>\n-Galer\u00eda de fotos<br \/>\n-Configuraci\u00f3n y personalizaci\u00f3n del dispositivo<\/p>\n","protected":false},"featured_media":82574,"comment_status":"open","ping_status":"closed","template":"","meta":[],"product_cat":[1045],"product_tag":[8177],"class_list":{"0":"post-76999","1":"product","2":"type-product","3":"status-publish","4":"has-post-thumbnail","5":"hentry","6":"product_cat-digital-watches-es","7":"product_tag-sonic","9":"entry","10":"has-media","11":"owp-thumbs-layout-horizontal","12":"owp-btn-normal","13":"owp-tabs-layout-horizontal","14":"has-product-nav"},"_links":{"self":[{"href":"https:\/\/kidslicensing.com\/es\/wp-json\/wp\/v2\/product\/76999","targetHints":{"allow":["GET"]}}],"collection":[{"href":"https:\/\/kidslicensing.com\/es\/wp-json\/wp\/v2\/product"}],"about":[{"href":"https:\/\/kidslicensing.com\/es\/wp-json\/wp\/v2\/types\/product"}],"replies":[{"embeddable":true,"href":"https:\/\/kidslicensing.com\/es\/wp-json\/wp\/v2\/comments?post=76999"}],"version-history":[{"count":3,"href":"https:\/\/kidslicensing.com\/es\/wp-json\/wp\/v2\/product\/76999\/revisions"}],"predecessor-version":[{"id":84706,"href":"https:\/\/kidslicensing.com\/es\/wp-json\/wp\/v2\/product\/76999\/revisions\/84706"}],"wp:featuredmedia":[{"embeddable":true,"href":"https:\/\/kidslicensing.com\/es\/wp-json\/wp\/v2\/media\/82574"}],"wp:attachment":[{"href":"https:\/\/kidslicensing.com\/es\/wp-json\/wp\/v2\/media?parent=76999"}],"wp:term":[{"taxonomy":"product_cat","embeddable":true,"href":"https:\/\/kidslicensing.com\/es\/wp-json\/wp\/v2\/product_cat?post=76999"},{"taxonomy":"product_tag","embeddable":true,"href":"https:\/\/kidslicensing.com\/es\/wp-json\/wp\/v2\/product_tag?post=76999"}],"curies":[{"name":"wp","href":"https:\/\/api.w.org\/{rel}","templated":true}]}}