{"id":77009,"date":"2023-03-30T13:52:51","date_gmt":"2023-03-30T11:52:51","guid":{"rendered":"https:\/\/kidslicensing.com\/?post_type=product&#038;p=77009"},"modified":"2023-05-16T10:21:50","modified_gmt":"2023-05-16T08:21:50","slug":"minnie-reloj-led","status":"publish","type":"product","link":"https:\/\/kidslicensing.com\/es\/shop\/watches-clocks-es\/digital-watches-es\/minnie-reloj-led\/","title":{"rendered":"RELOJ LED MINNIE"},"content":{"rendered":"","protected":false},"excerpt":{"rendered":"<p>Si tu peque es amante de Disney y de su personaje emblem\u00e1tico Minnie Mouse, este es el reloj que necesita. Con funciones de hora de 12 horas y modo de fecha completa (mes y d\u00eda), ir\u00e1 super bien equipada para no llegar tarde a ning\u00fan sitio. Este reloj con bater\u00eda es el accesorio ideal para llevarlo a todas partes.<\/p>\n","protected":false},"featured_media":82590,"comment_status":"open","ping_status":"closed","template":"","meta":[],"product_cat":[1045],"product_tag":[218],"class_list":{"0":"post-77009","1":"product","2":"type-product","3":"status-publish","4":"has-post-thumbnail","5":"hentry","6":"product_cat-digital-watches-es","7":"product_tag-minnie-mouse-es","9":"entry","10":"has-media","11":"owp-thumbs-layout-horizontal","12":"owp-btn-normal","13":"owp-tabs-layout-horizontal","14":"has-product-nav"},"_links":{"self":[{"href":"https:\/\/kidslicensing.com\/es\/wp-json\/wp\/v2\/product\/77009","targetHints":{"allow":["GET"]}}],"collection":[{"href":"https:\/\/kidslicensing.com\/es\/wp-json\/wp\/v2\/product"}],"about":[{"href":"https:\/\/kidslicensing.com\/es\/wp-json\/wp\/v2\/types\/product"}],"replies":[{"embeddable":true,"href":"https:\/\/kidslicensing.com\/es\/wp-json\/wp\/v2\/comments?post=77009"}],"version-history":[{"count":1,"href":"https:\/\/kidslicensing.com\/es\/wp-json\/wp\/v2\/product\/77009\/revisions"}],"predecessor-version":[{"id":77012,"href":"https:\/\/kidslicensing.com\/es\/wp-json\/wp\/v2\/product\/77009\/revisions\/77012"}],"wp:featuredmedia":[{"embeddable":true,"href":"https:\/\/kidslicensing.com\/es\/wp-json\/wp\/v2\/media\/82590"}],"wp:attachment":[{"href":"https:\/\/kidslicensing.com\/es\/wp-json\/wp\/v2\/media?parent=77009"}],"wp:term":[{"taxonomy":"product_cat","embeddable":true,"href":"https:\/\/kidslicensing.com\/es\/wp-json\/wp\/v2\/product_cat?post=77009"},{"taxonomy":"product_tag","embeddable":true,"href":"https:\/\/kidslicensing.com\/es\/wp-json\/wp\/v2\/product_tag?post=77009"}],"curies":[{"name":"wp","href":"https:\/\/api.w.org\/{rel}","templated":true}]}}