{"id":77082,"date":"2023-03-31T13:09:02","date_gmt":"2023-03-31T11:09:02","guid":{"rendered":"https:\/\/kidslicensing.com\/?post_type=product&#038;p=77082"},"modified":"2023-05-16T10:33:31","modified_gmt":"2023-05-16T08:33:31","slug":"frozen-poncho-algodon","status":"publish","type":"product","link":"https:\/\/kidslicensing.com\/es\/shop\/accessories-es\/towels-ponchos-es\/frozen-poncho-algodon\/","title":{"rendered":"PONCHO DE ALGODON FROZEN 60x120CM"},"content":{"rendered":"","protected":false},"excerpt":{"rendered":"<p>Consigue este Poncho de Algod\u00f3n de Frozen para los d\u00edas de piscina y playa. Su dise\u00f1o es de f\u00e1cil uso para que los m\u00e1s peque\u00f1os est\u00e9n protegidos con estilo.<\/p>\n<p>Este poncho lleva capucha para proporcionar extra protecci\u00f3n. Adem\u00e1s, es ligero y de secado r\u00e1pido.<\/p>\n<p>Tama\u00f1o 60x120cm<\/p>\n","protected":false},"featured_media":82838,"comment_status":"open","ping_status":"closed","template":"","meta":[],"product_cat":[4496],"product_tag":[162],"class_list":{"0":"post-77082","1":"product","2":"type-product","3":"status-publish","4":"has-post-thumbnail","5":"hentry","6":"product_cat-towels-ponchos-es","7":"product_tag-frozen-es","9":"entry","10":"has-media","11":"owp-thumbs-layout-horizontal","12":"owp-btn-normal","13":"owp-tabs-layout-horizontal","14":"has-no-thumbnails","15":"has-product-nav"},"_links":{"self":[{"href":"https:\/\/kidslicensing.com\/es\/wp-json\/wp\/v2\/product\/77082","targetHints":{"allow":["GET"]}}],"collection":[{"href":"https:\/\/kidslicensing.com\/es\/wp-json\/wp\/v2\/product"}],"about":[{"href":"https:\/\/kidslicensing.com\/es\/wp-json\/wp\/v2\/types\/product"}],"replies":[{"embeddable":true,"href":"https:\/\/kidslicensing.com\/es\/wp-json\/wp\/v2\/comments?post=77082"}],"version-history":[{"count":1,"href":"https:\/\/kidslicensing.com\/es\/wp-json\/wp\/v2\/product\/77082\/revisions"}],"predecessor-version":[{"id":77091,"href":"https:\/\/kidslicensing.com\/es\/wp-json\/wp\/v2\/product\/77082\/revisions\/77091"}],"wp:featuredmedia":[{"embeddable":true,"href":"https:\/\/kidslicensing.com\/es\/wp-json\/wp\/v2\/media\/82838"}],"wp:attachment":[{"href":"https:\/\/kidslicensing.com\/es\/wp-json\/wp\/v2\/media?parent=77082"}],"wp:term":[{"taxonomy":"product_cat","embeddable":true,"href":"https:\/\/kidslicensing.com\/es\/wp-json\/wp\/v2\/product_cat?post=77082"},{"taxonomy":"product_tag","embeddable":true,"href":"https:\/\/kidslicensing.com\/es\/wp-json\/wp\/v2\/product_tag?post=77082"}],"curies":[{"name":"wp","href":"https:\/\/api.w.org\/{rel}","templated":true}]}}