{"id":77103,"date":"2023-03-31T13:38:10","date_gmt":"2023-03-31T11:38:10","guid":{"rendered":"https:\/\/kidslicensing.com\/?post_type=product&#038;p=77103"},"modified":"2023-05-16T10:40:48","modified_gmt":"2023-05-16T08:40:48","slug":"paw-patrol-pinta-con-numeros","status":"publish","type":"product","link":"https:\/\/kidslicensing.com\/es\/shop\/stationery-es\/stationery-sets-es\/paw-patrol-pinta-con-numeros\/","title":{"rendered":"PINTA CON NUMEROS PAW PATROL"},"content":{"rendered":"","protected":false},"excerpt":{"rendered":"<p>Anima a tus peques a ser creativos con este divertido set de colorear para crear grandes dibujos. Este set de colorear por n\u00fameros es una herramienta maravillosa para ayudar a los ni\u00f1os a practicar sus habilidades y a calmar su estr\u00e9s.<\/p>\n<p>\u00a1Pintar no s\u00f3lo es divertido sino tambi\u00e9n aprendizaje! Colorear tambi\u00e9n calma la mente del ni\u00f1o y le ayuda a desarrollar su lado m\u00e1s creativo.<\/p>\n<p>El set incluye:<br \/>&#8211; 2 hojas con dibujos del unicornio de la Patrulla Canina para colorear con n\u00fameros<br \/>&#8211; 10 rotuladores de colores<\/p>\n<p>\u00bfYa tienes el tuyo?<\/p>\n","protected":false},"featured_media":82950,"comment_status":"open","ping_status":"closed","template":"","meta":[],"product_cat":[976],"product_tag":[225],"class_list":{"0":"post-77103","1":"product","2":"type-product","3":"status-publish","4":"has-post-thumbnail","5":"hentry","6":"product_cat-stationery-sets-es","7":"product_tag-paw-patrol-es","9":"entry","10":"has-media","11":"owp-thumbs-layout-horizontal","12":"owp-btn-normal","13":"owp-tabs-layout-horizontal","14":"has-no-thumbnails","15":"has-product-nav"},"_links":{"self":[{"href":"https:\/\/kidslicensing.com\/es\/wp-json\/wp\/v2\/product\/77103","targetHints":{"allow":["GET"]}}],"collection":[{"href":"https:\/\/kidslicensing.com\/es\/wp-json\/wp\/v2\/product"}],"about":[{"href":"https:\/\/kidslicensing.com\/es\/wp-json\/wp\/v2\/types\/product"}],"replies":[{"embeddable":true,"href":"https:\/\/kidslicensing.com\/es\/wp-json\/wp\/v2\/comments?post=77103"}],"version-history":[{"count":1,"href":"https:\/\/kidslicensing.com\/es\/wp-json\/wp\/v2\/product\/77103\/revisions"}],"predecessor-version":[{"id":77105,"href":"https:\/\/kidslicensing.com\/es\/wp-json\/wp\/v2\/product\/77103\/revisions\/77105"}],"wp:featuredmedia":[{"embeddable":true,"href":"https:\/\/kidslicensing.com\/es\/wp-json\/wp\/v2\/media\/82950"}],"wp:attachment":[{"href":"https:\/\/kidslicensing.com\/es\/wp-json\/wp\/v2\/media?parent=77103"}],"wp:term":[{"taxonomy":"product_cat","embeddable":true,"href":"https:\/\/kidslicensing.com\/es\/wp-json\/wp\/v2\/product_cat?post=77103"},{"taxonomy":"product_tag","embeddable":true,"href":"https:\/\/kidslicensing.com\/es\/wp-json\/wp\/v2\/product_tag?post=77103"}],"curies":[{"name":"wp","href":"https:\/\/api.w.org\/{rel}","templated":true}]}}