{"id":77144,"date":"2023-04-03T09:10:41","date_gmt":"2023-04-03T07:10:41","guid":{"rendered":"https:\/\/kidslicensing.com\/?post_type=product&#038;p=77144"},"modified":"2023-05-16T10:45:07","modified_gmt":"2023-05-16T08:45:07","slug":"happy-day-unicorn-paraguas-transparente-campana","status":"publish","type":"product","link":"https:\/\/kidslicensing.com\/es\/shop\/accessories-es\/umbrellas-es\/happy-day-unicorn-paraguas-transparente-campana\/","title":{"rendered":"PARAGUAS TRANSPARENTE CAMPANA 46CM HAPPY DAY UNICORN"},"content":{"rendered":"","protected":false},"excerpt":{"rendered":"<p>Paraguas transparente printado de Happy Day Unicorn. Tu peque va a querer que llueva todos los d\u00edas para salir acompa\u00f1ado de este paraguas de 46 cm de di\u00e1metro. Tiene forma acampanada que mejora la parada del agua y evita que se moje. Adem\u00e1s, su varilla larga con el mango en forma de gancho hace que tenga un f\u00e1cil transporte y sujeci\u00f3n. \u00a1Y se abre autom\u00e1ticamente apretando un bot\u00f3n!<\/p>\n","protected":false},"featured_media":82982,"comment_status":"open","ping_status":"closed","template":"","meta":[],"product_cat":[787],"product_tag":[8256],"class_list":{"0":"post-77144","1":"product","2":"type-product","3":"status-publish","4":"has-post-thumbnail","5":"hentry","6":"product_cat-umbrellas-es","7":"product_tag-happy-day-unicorn","9":"entry","10":"has-media","11":"owp-thumbs-layout-horizontal","12":"owp-btn-normal","13":"owp-tabs-layout-horizontal","14":"has-no-thumbnails","15":"has-product-nav"},"_links":{"self":[{"href":"https:\/\/kidslicensing.com\/es\/wp-json\/wp\/v2\/product\/77144","targetHints":{"allow":["GET"]}}],"collection":[{"href":"https:\/\/kidslicensing.com\/es\/wp-json\/wp\/v2\/product"}],"about":[{"href":"https:\/\/kidslicensing.com\/es\/wp-json\/wp\/v2\/types\/product"}],"replies":[{"embeddable":true,"href":"https:\/\/kidslicensing.com\/es\/wp-json\/wp\/v2\/comments?post=77144"}],"version-history":[{"count":1,"href":"https:\/\/kidslicensing.com\/es\/wp-json\/wp\/v2\/product\/77144\/revisions"}],"predecessor-version":[{"id":77149,"href":"https:\/\/kidslicensing.com\/es\/wp-json\/wp\/v2\/product\/77144\/revisions\/77149"}],"wp:featuredmedia":[{"embeddable":true,"href":"https:\/\/kidslicensing.com\/es\/wp-json\/wp\/v2\/media\/82982"}],"wp:attachment":[{"href":"https:\/\/kidslicensing.com\/es\/wp-json\/wp\/v2\/media?parent=77144"}],"wp:term":[{"taxonomy":"product_cat","embeddable":true,"href":"https:\/\/kidslicensing.com\/es\/wp-json\/wp\/v2\/product_cat?post=77144"},{"taxonomy":"product_tag","embeddable":true,"href":"https:\/\/kidslicensing.com\/es\/wp-json\/wp\/v2\/product_tag?post=77144"}],"curies":[{"name":"wp","href":"https:\/\/api.w.org\/{rel}","templated":true}]}}