{"id":77162,"date":"2023-04-03T09:40:21","date_gmt":"2023-04-03T07:40:21","guid":{"rendered":"https:\/\/kidslicensing.com\/?post_type=product&#038;p=77162"},"modified":"2023-04-13T14:06:43","modified_gmt":"2023-04-13T12:06:43","slug":"hello-kitty-paraguas-automatico","status":"publish","type":"product","link":"https:\/\/kidslicensing.com\/es\/shop\/accessories-es\/umbrellas-es\/hello-kitty-paraguas-automatico\/","title":{"rendered":"PARAGUAS 46CM AUTO HELLO KITTY"},"content":{"rendered":"","protected":false},"excerpt":{"rendered":"<p>Paraguas printado con Hello Kitty. Tu peque va a querer que llueva todos los d\u00edas para salir acompa\u00f1ado de este paraguas de 46 cm de di\u00e1metro. Su forma acampanada hace que tenga una protecci\u00f3n \u00f3ptima de la lluvia. Tiene la barilla larga con un mango de f\u00e1cil y c\u00f3modo agarre. \u00a1Hazte con el tuyo!<\/p>\n","protected":false},"featured_media":80586,"comment_status":"open","ping_status":"closed","template":"","meta":[],"product_cat":[787],"product_tag":[176],"class_list":{"0":"post-77162","1":"product","2":"type-product","3":"status-publish","4":"has-post-thumbnail","5":"hentry","6":"product_cat-umbrellas-es","7":"product_tag-hello-kitty-es","9":"entry","10":"has-media","11":"owp-thumbs-layout-horizontal","12":"owp-btn-normal","13":"owp-tabs-layout-horizontal","14":"has-no-thumbnails","15":"has-product-nav"},"_links":{"self":[{"href":"https:\/\/kidslicensing.com\/es\/wp-json\/wp\/v2\/product\/77162","targetHints":{"allow":["GET"]}}],"collection":[{"href":"https:\/\/kidslicensing.com\/es\/wp-json\/wp\/v2\/product"}],"about":[{"href":"https:\/\/kidslicensing.com\/es\/wp-json\/wp\/v2\/types\/product"}],"replies":[{"embeddable":true,"href":"https:\/\/kidslicensing.com\/es\/wp-json\/wp\/v2\/comments?post=77162"}],"version-history":[{"count":1,"href":"https:\/\/kidslicensing.com\/es\/wp-json\/wp\/v2\/product\/77162\/revisions"}],"predecessor-version":[{"id":77181,"href":"https:\/\/kidslicensing.com\/es\/wp-json\/wp\/v2\/product\/77162\/revisions\/77181"}],"wp:featuredmedia":[{"embeddable":true,"href":"https:\/\/kidslicensing.com\/es\/wp-json\/wp\/v2\/media\/80586"}],"wp:attachment":[{"href":"https:\/\/kidslicensing.com\/es\/wp-json\/wp\/v2\/media?parent=77162"}],"wp:term":[{"taxonomy":"product_cat","embeddable":true,"href":"https:\/\/kidslicensing.com\/es\/wp-json\/wp\/v2\/product_cat?post=77162"},{"taxonomy":"product_tag","embeddable":true,"href":"https:\/\/kidslicensing.com\/es\/wp-json\/wp\/v2\/product_tag?post=77162"}],"curies":[{"name":"wp","href":"https:\/\/api.w.org\/{rel}","templated":true}]}}