{"id":77195,"date":"2023-04-03T10:16:22","date_gmt":"2023-04-03T08:16:22","guid":{"rendered":"https:\/\/kidslicensing.com\/?post_type=product&#038;p=77195"},"modified":"2023-04-13T14:29:39","modified_gmt":"2023-04-13T12:29:39","slug":"sweet-dreams-bolso-corazon-pu-rosa-metalizado","status":"publish","type":"product","link":"https:\/\/kidslicensing.com\/es\/shop\/bags-backpacks-es\/bolsas-bolsos\/sweet-dreams-bolso-corazon-pu-rosa-metalizado\/","title":{"rendered":"BOLSO CORAZON PU ROSA METALIZADO SWEET DREAMS"},"content":{"rendered":"","protected":false},"excerpt":{"rendered":"<p>En un mundo de unicornios, brilli brilli y moda, no puede faltar este precioso bolso bandolera de Sweet Dreams. Con efecto metalizado brillante y su capa de l\u00edquido con purpurina, es el compa\u00f1ero ideal para los d\u00edas de paseo de tu hija. Tiene una asa ajustable para colgar de forma cruzada y cierre c\u00f3modo con cremallera. \u00a1Adem\u00e1s tiene forma de coraz\u00f3n!<\/p>\n","protected":false},"featured_media":80698,"comment_status":"open","ping_status":"closed","template":"","meta":[],"product_cat":[808],"product_tag":[1050],"class_list":{"0":"post-77195","1":"product","2":"type-product","3":"status-publish","4":"has-post-thumbnail","5":"hentry","6":"product_cat-bolsas-bolsos","7":"product_tag-sweet-dreams-es","9":"entry","10":"has-media","11":"owp-thumbs-layout-horizontal","12":"owp-btn-normal","13":"owp-tabs-layout-horizontal","14":"has-no-thumbnails","15":"has-product-nav"},"_links":{"self":[{"href":"https:\/\/kidslicensing.com\/es\/wp-json\/wp\/v2\/product\/77195","targetHints":{"allow":["GET"]}}],"collection":[{"href":"https:\/\/kidslicensing.com\/es\/wp-json\/wp\/v2\/product"}],"about":[{"href":"https:\/\/kidslicensing.com\/es\/wp-json\/wp\/v2\/types\/product"}],"replies":[{"embeddable":true,"href":"https:\/\/kidslicensing.com\/es\/wp-json\/wp\/v2\/comments?post=77195"}],"version-history":[{"count":1,"href":"https:\/\/kidslicensing.com\/es\/wp-json\/wp\/v2\/product\/77195\/revisions"}],"predecessor-version":[{"id":77209,"href":"https:\/\/kidslicensing.com\/es\/wp-json\/wp\/v2\/product\/77195\/revisions\/77209"}],"wp:featuredmedia":[{"embeddable":true,"href":"https:\/\/kidslicensing.com\/es\/wp-json\/wp\/v2\/media\/80698"}],"wp:attachment":[{"href":"https:\/\/kidslicensing.com\/es\/wp-json\/wp\/v2\/media?parent=77195"}],"wp:term":[{"taxonomy":"product_cat","embeddable":true,"href":"https:\/\/kidslicensing.com\/es\/wp-json\/wp\/v2\/product_cat?post=77195"},{"taxonomy":"product_tag","embeddable":true,"href":"https:\/\/kidslicensing.com\/es\/wp-json\/wp\/v2\/product_tag?post=77195"}],"curies":[{"name":"wp","href":"https:\/\/api.w.org\/{rel}","templated":true}]}}