{"id":77249,"date":"2023-04-03T11:06:29","date_gmt":"2023-04-03T09:06:29","guid":{"rendered":"https:\/\/kidslicensing.com\/?post_type=product&#038;p=77249"},"modified":"2023-04-13T16:06:33","modified_gmt":"2023-04-13T14:06:33","slug":"jurassic-world-lampara-3d","status":"publish","type":"product","link":"https:\/\/kidslicensing.com\/es\/shop\/lighting-es\/table-lamps-es\/jurassic-world-lampara-3d\/","title":{"rendered":"L\u00c1MPARA 3D JURASSIC WORLD"},"content":{"rendered":"","protected":false},"excerpt":{"rendered":"<p>A\u00f1ade a tu colecci\u00f3n esta divertida L\u00e1mpara 3D con la forma del dinosaurio de Jurassic World. Mejora tu ambiente sustituyendo tu cl\u00e1sica l\u00e1mpara por esta figura 3D para dar a tu espacio un toque m\u00e1s encantador.<\/p>\n<p>\u00a1Es perfecta para exponerla en mesitas de noche o en estanter\u00edas! Una vez que presione el bot\u00f3n la luz permanecer\u00e1 encendida durante aproximadamente 15 minutos.<\/p>\n<p>\u00a1Es ideal para una noche de relax!<\/p>\n","protected":false},"featured_media":80802,"comment_status":"open","ping_status":"closed","template":"","meta":[],"product_cat":[926],"product_tag":[8186],"class_list":{"0":"post-77249","1":"product","2":"type-product","3":"status-publish","4":"has-post-thumbnail","5":"hentry","6":"product_cat-table-lamps-es","7":"product_tag-jurassic-world","9":"entry","10":"has-media","11":"owp-thumbs-layout-horizontal","12":"owp-btn-normal","13":"owp-tabs-layout-horizontal","14":"has-no-thumbnails","15":"has-product-nav"},"_links":{"self":[{"href":"https:\/\/kidslicensing.com\/es\/wp-json\/wp\/v2\/product\/77249","targetHints":{"allow":["GET"]}}],"collection":[{"href":"https:\/\/kidslicensing.com\/es\/wp-json\/wp\/v2\/product"}],"about":[{"href":"https:\/\/kidslicensing.com\/es\/wp-json\/wp\/v2\/types\/product"}],"replies":[{"embeddable":true,"href":"https:\/\/kidslicensing.com\/es\/wp-json\/wp\/v2\/comments?post=77249"}],"version-history":[{"count":1,"href":"https:\/\/kidslicensing.com\/es\/wp-json\/wp\/v2\/product\/77249\/revisions"}],"predecessor-version":[{"id":77252,"href":"https:\/\/kidslicensing.com\/es\/wp-json\/wp\/v2\/product\/77249\/revisions\/77252"}],"wp:featuredmedia":[{"embeddable":true,"href":"https:\/\/kidslicensing.com\/es\/wp-json\/wp\/v2\/media\/80802"}],"wp:attachment":[{"href":"https:\/\/kidslicensing.com\/es\/wp-json\/wp\/v2\/media?parent=77249"}],"wp:term":[{"taxonomy":"product_cat","embeddable":true,"href":"https:\/\/kidslicensing.com\/es\/wp-json\/wp\/v2\/product_cat?post=77249"},{"taxonomy":"product_tag","embeddable":true,"href":"https:\/\/kidslicensing.com\/es\/wp-json\/wp\/v2\/product_tag?post=77249"}],"curies":[{"name":"wp","href":"https:\/\/api.w.org\/{rel}","templated":true}]}}