{"id":77284,"date":"2023-04-03T11:51:55","date_gmt":"2023-04-03T09:51:55","guid":{"rendered":"https:\/\/kidslicensing.com\/?post_type=product&#038;p=77284"},"modified":"2023-04-18T12:07:44","modified_gmt":"2023-04-18T10:07:44","slug":"you-are-special-gorra-algodon","status":"publish","type":"product","link":"https:\/\/kidslicensing.com\/es\/shop\/accessories-es\/caps-es\/you-are-special-gorra-algodon\/","title":{"rendered":"GORRA DE ALGOD\u00d3N YOU ARE SPECIAL TALLA 52\/54CM"},"content":{"rendered":"","protected":false},"excerpt":{"rendered":"<p>\u00a1El verano no es verano sin gorras! Este surtido de You&#8217;re Special te mantendr\u00e1 protegido de los rayos del sol en todo momento. Las gorras est\u00e1n disponibles en un surtido de colores y dise\u00f1os variados.<\/p>\n<p>\u00a1Elige tu favorito! Las correas ajustables son ideales para adaptarse a una circunferencia de cabeza de 52cm-54cm. No te pierdas esta prenda imprescindible para un d\u00eda soleado!<\/p>\n","protected":false},"featured_media":80986,"comment_status":"open","ping_status":"closed","template":"","meta":[],"product_cat":[772],"product_tag":[1047],"class_list":{"0":"post-77284","1":"product","2":"type-product","3":"status-publish","4":"has-post-thumbnail","5":"hentry","6":"product_cat-caps-es","7":"product_tag-you-are-special-es","9":"entry","10":"has-media","11":"owp-thumbs-layout-horizontal","12":"owp-btn-normal","13":"owp-tabs-layout-horizontal","14":"has-product-nav"},"_links":{"self":[{"href":"https:\/\/kidslicensing.com\/es\/wp-json\/wp\/v2\/product\/77284","targetHints":{"allow":["GET"]}}],"collection":[{"href":"https:\/\/kidslicensing.com\/es\/wp-json\/wp\/v2\/product"}],"about":[{"href":"https:\/\/kidslicensing.com\/es\/wp-json\/wp\/v2\/types\/product"}],"replies":[{"embeddable":true,"href":"https:\/\/kidslicensing.com\/es\/wp-json\/wp\/v2\/comments?post=77284"}],"version-history":[{"count":1,"href":"https:\/\/kidslicensing.com\/es\/wp-json\/wp\/v2\/product\/77284\/revisions"}],"predecessor-version":[{"id":77304,"href":"https:\/\/kidslicensing.com\/es\/wp-json\/wp\/v2\/product\/77284\/revisions\/77304"}],"wp:featuredmedia":[{"embeddable":true,"href":"https:\/\/kidslicensing.com\/es\/wp-json\/wp\/v2\/media\/80986"}],"wp:attachment":[{"href":"https:\/\/kidslicensing.com\/es\/wp-json\/wp\/v2\/media?parent=77284"}],"wp:term":[{"taxonomy":"product_cat","embeddable":true,"href":"https:\/\/kidslicensing.com\/es\/wp-json\/wp\/v2\/product_cat?post=77284"},{"taxonomy":"product_tag","embeddable":true,"href":"https:\/\/kidslicensing.com\/es\/wp-json\/wp\/v2\/product_tag?post=77284"}],"curies":[{"name":"wp","href":"https:\/\/api.w.org\/{rel}","templated":true}]}}