{"id":77318,"date":"2023-04-03T12:16:43","date_gmt":"2023-04-03T10:16:43","guid":{"rendered":"https:\/\/kidslicensing.com\/?post_type=product&#038;p=77318"},"modified":"2023-04-18T12:07:50","modified_gmt":"2023-04-18T10:07:50","slug":"hot-wheels-gorra-algodon","status":"publish","type":"product","link":"https:\/\/kidslicensing.com\/es\/shop\/accessories-es\/caps-es\/hot-wheels-gorra-algodon\/","title":{"rendered":"GORRA DE ALGOD\u00d3N HOTWHEELS TALLA 52\/54CM"},"content":{"rendered":"","protected":false},"excerpt":{"rendered":"<p>\u00a1El verano no es verano sin gorras! Este surtido de Hotwheels te mantendr\u00e1 protegido de los rayos del sol en todo momento. Las gorras est\u00e1n disponibles en un surtido de colores y dise\u00f1os variados.<\/p>\n<p>\u00a1Elige tu favorito! Las correas ajustables son ideales para adaptarse a una circunferencia de cabeza de 52cm-54cm. No te pierdas esta prenda imprescindible para un d\u00eda soleado!<\/p>\n","protected":false},"featured_media":81130,"comment_status":"open","ping_status":"closed","template":"","meta":[],"product_cat":[772],"product_tag":[8183],"class_list":{"0":"post-77318","1":"product","2":"type-product","3":"status-publish","4":"has-post-thumbnail","5":"hentry","6":"product_cat-caps-es","7":"product_tag-hotwheels","9":"entry","10":"has-media","11":"owp-thumbs-layout-horizontal","12":"owp-btn-normal","13":"owp-tabs-layout-horizontal","14":"has-product-nav"},"_links":{"self":[{"href":"https:\/\/kidslicensing.com\/es\/wp-json\/wp\/v2\/product\/77318","targetHints":{"allow":["GET"]}}],"collection":[{"href":"https:\/\/kidslicensing.com\/es\/wp-json\/wp\/v2\/product"}],"about":[{"href":"https:\/\/kidslicensing.com\/es\/wp-json\/wp\/v2\/types\/product"}],"replies":[{"embeddable":true,"href":"https:\/\/kidslicensing.com\/es\/wp-json\/wp\/v2\/comments?post=77318"}],"version-history":[{"count":1,"href":"https:\/\/kidslicensing.com\/es\/wp-json\/wp\/v2\/product\/77318\/revisions"}],"predecessor-version":[{"id":77341,"href":"https:\/\/kidslicensing.com\/es\/wp-json\/wp\/v2\/product\/77318\/revisions\/77341"}],"wp:featuredmedia":[{"embeddable":true,"href":"https:\/\/kidslicensing.com\/es\/wp-json\/wp\/v2\/media\/81130"}],"wp:attachment":[{"href":"https:\/\/kidslicensing.com\/es\/wp-json\/wp\/v2\/media?parent=77318"}],"wp:term":[{"taxonomy":"product_cat","embeddable":true,"href":"https:\/\/kidslicensing.com\/es\/wp-json\/wp\/v2\/product_cat?post=77318"},{"taxonomy":"product_tag","embeddable":true,"href":"https:\/\/kidslicensing.com\/es\/wp-json\/wp\/v2\/product_tag?post=77318"}],"curies":[{"name":"wp","href":"https:\/\/api.w.org\/{rel}","templated":true}]}}