{"id":77324,"date":"2023-04-03T12:26:58","date_gmt":"2023-04-03T10:26:58","guid":{"rendered":"https:\/\/kidslicensing.com\/?post_type=product&#038;p=77324"},"modified":"2023-05-16T11:43:25","modified_gmt":"2023-05-16T09:43:25","slug":"frozen-gomas-pelo-scrunchie","status":"publish","type":"product","link":"https:\/\/kidslicensing.com\/es\/shop\/beauty-es\/hair-accessories-beauty-es\/frozen-gomas-pelo-scrunchie\/","title":{"rendered":"GOMAS DE PELO SCRUNCHIE FROZEN"},"content":{"rendered":"","protected":false},"excerpt":{"rendered":"<p>*3 cintas para el pelo con dise\u00f1os coloridos<br \/>*1 diselo estampado, 1 dise\u00f1o hologr\u00e1fico, 1 dise\u00f1o liso<br \/>*Detalle de lazo<br \/>*Cintas con goma el\u00e1stica para una buena sujeci\u00f3n<\/p>\n","protected":false},"featured_media":83559,"comment_status":"open","ping_status":"closed","template":"","meta":[],"product_cat":[835],"product_tag":[162],"class_list":{"0":"post-77324","1":"product","2":"type-product","3":"status-publish","4":"has-post-thumbnail","5":"hentry","6":"product_cat-hair-accessories-beauty-es","7":"product_tag-frozen-es","9":"entry","10":"has-media","11":"owp-thumbs-layout-horizontal","12":"owp-btn-normal","13":"owp-tabs-layout-horizontal","14":"has-no-thumbnails","15":"has-product-nav"},"_links":{"self":[{"href":"https:\/\/kidslicensing.com\/es\/wp-json\/wp\/v2\/product\/77324","targetHints":{"allow":["GET"]}}],"collection":[{"href":"https:\/\/kidslicensing.com\/es\/wp-json\/wp\/v2\/product"}],"about":[{"href":"https:\/\/kidslicensing.com\/es\/wp-json\/wp\/v2\/types\/product"}],"replies":[{"embeddable":true,"href":"https:\/\/kidslicensing.com\/es\/wp-json\/wp\/v2\/comments?post=77324"}],"version-history":[{"count":1,"href":"https:\/\/kidslicensing.com\/es\/wp-json\/wp\/v2\/product\/77324\/revisions"}],"predecessor-version":[{"id":77347,"href":"https:\/\/kidslicensing.com\/es\/wp-json\/wp\/v2\/product\/77324\/revisions\/77347"}],"wp:featuredmedia":[{"embeddable":true,"href":"https:\/\/kidslicensing.com\/es\/wp-json\/wp\/v2\/media\/83559"}],"wp:attachment":[{"href":"https:\/\/kidslicensing.com\/es\/wp-json\/wp\/v2\/media?parent=77324"}],"wp:term":[{"taxonomy":"product_cat","embeddable":true,"href":"https:\/\/kidslicensing.com\/es\/wp-json\/wp\/v2\/product_cat?post=77324"},{"taxonomy":"product_tag","embeddable":true,"href":"https:\/\/kidslicensing.com\/es\/wp-json\/wp\/v2\/product_tag?post=77324"}],"curies":[{"name":"wp","href":"https:\/\/api.w.org\/{rel}","templated":true}]}}