{"id":77372,"date":"2023-04-03T13:22:51","date_gmt":"2023-04-03T11:22:51","guid":{"rendered":"https:\/\/kidslicensing.com\/?post_type=product&#038;p=77372"},"modified":"2023-04-18T12:25:17","modified_gmt":"2023-04-18T10:25:17","slug":"spiderman-set-papeleria-con-estuche","status":"publish","type":"product","link":"https:\/\/kidslicensing.com\/es\/shop\/stationery-es\/stationery-sets-es\/spiderman-set-papeleria-con-estuche\/","title":{"rendered":"SET DE PAPELERIA CON ESTUCHE METALICO\u00a0SPIDERMAN"},"content":{"rendered":"","protected":false},"excerpt":{"rendered":"<p>Deja que los m\u00e1s peque\u00f1os de la casa se adentren en su propio mundo creativo con el kit definitivo de papeler\u00eda de Spiderman. El kit incluye piezas esenciales para completar tu estuche.<\/p>\n<p>El juego incluye:<\/p>\n<p>\u2013 1 x Cuaderno peque\u00f1o forrado<\/p>\n<p>\u2013 1 x Estuche met\u00e1lico<\/p>\n<p>\u2013 1 x Regla<\/p>\n<p>\u2013 1 x Goma de borrar<\/p>\n<p>\u2013 1 x Sacapuntas<\/p>\n<p>\u2013 1 x Bol\u00edgrafo<\/p>\n<p>\u2013 5 x L\u00e1pices de colores<\/p>\n<p>El estuche met\u00e1lico har\u00e1 un trabajo perfecto para mantener todas las piezas de papeler\u00eda a salvo de cualquier derrame de l\u00edquido.<\/p>\n<p>ADVERTENCIA* Cuidado con las piezas peque\u00f1as. Peligro de asfixia.<\/p>\n","protected":false},"featured_media":81306,"comment_status":"open","ping_status":"closed","template":"","meta":[],"product_cat":[976],"product_tag":[1049],"class_list":{"0":"post-77372","1":"product","2":"type-product","3":"status-publish","4":"has-post-thumbnail","5":"hentry","6":"product_cat-stationery-sets-es","7":"product_tag-spiderman-es","9":"entry","10":"has-media","11":"owp-thumbs-layout-horizontal","12":"owp-btn-normal","13":"owp-tabs-layout-horizontal","14":"has-product-nav"},"_links":{"self":[{"href":"https:\/\/kidslicensing.com\/es\/wp-json\/wp\/v2\/product\/77372","targetHints":{"allow":["GET"]}}],"collection":[{"href":"https:\/\/kidslicensing.com\/es\/wp-json\/wp\/v2\/product"}],"about":[{"href":"https:\/\/kidslicensing.com\/es\/wp-json\/wp\/v2\/types\/product"}],"replies":[{"embeddable":true,"href":"https:\/\/kidslicensing.com\/es\/wp-json\/wp\/v2\/comments?post=77372"}],"version-history":[{"count":1,"href":"https:\/\/kidslicensing.com\/es\/wp-json\/wp\/v2\/product\/77372\/revisions"}],"predecessor-version":[{"id":77404,"href":"https:\/\/kidslicensing.com\/es\/wp-json\/wp\/v2\/product\/77372\/revisions\/77404"}],"wp:featuredmedia":[{"embeddable":true,"href":"https:\/\/kidslicensing.com\/es\/wp-json\/wp\/v2\/media\/81306"}],"wp:attachment":[{"href":"https:\/\/kidslicensing.com\/es\/wp-json\/wp\/v2\/media?parent=77372"}],"wp:term":[{"taxonomy":"product_cat","embeddable":true,"href":"https:\/\/kidslicensing.com\/es\/wp-json\/wp\/v2\/product_cat?post=77372"},{"taxonomy":"product_tag","embeddable":true,"href":"https:\/\/kidslicensing.com\/es\/wp-json\/wp\/v2\/product_tag?post=77372"}],"curies":[{"name":"wp","href":"https:\/\/api.w.org\/{rel}","templated":true}]}}