{"id":77376,"date":"2023-04-03T13:30:19","date_gmt":"2023-04-03T11:30:19","guid":{"rendered":"https:\/\/kidslicensing.com\/?post_type=product&#038;p=77376"},"modified":"2023-04-18T12:28:21","modified_gmt":"2023-04-18T10:28:21","slug":"minnie-diario-boligrafo-magico","status":"publish","type":"product","link":"https:\/\/kidslicensing.com\/es\/shop\/stationery-es\/notebooks-diaries-es\/minnie-diario-boligrafo-magico\/","title":{"rendered":"DIARIO CON BOL\u00cdGRAFO M\u00c1GICO\u00a0MINNIE"},"content":{"rendered":"","protected":false},"excerpt":{"rendered":"<p>Da rienda suelta a la creatividad con este diario secreto y su bol\u00edgrafo m\u00e1gico a juego de Minnie Mouse.<\/p>\n<p>Perfecto para apuntar todos tus secretos y dejar anotados los mejores momentos de tu d\u00eda a d\u00eda. Tiene una cubierta resistente con un encantador dise\u00f1o de los personajes de Minnie Mouse. Pero es que adem\u00e1s, tiene un boli nm\u00e1gico que escribe con tinta transparente y que solo se puede leer con la linterna secreta.<\/p>\n<p>\u00bfYa tienes tus secretos a salvo?<\/p>\n","protected":false},"featured_media":81338,"comment_status":"open","ping_status":"closed","template":"","meta":[],"product_cat":[962],"product_tag":[218],"class_list":{"0":"post-77376","1":"product","2":"type-product","3":"status-publish","4":"has-post-thumbnail","5":"hentry","6":"product_cat-notebooks-diaries-es","7":"product_tag-minnie-mouse-es","9":"entry","10":"has-media","11":"owp-thumbs-layout-horizontal","12":"owp-btn-normal","13":"owp-tabs-layout-horizontal","14":"has-product-nav"},"_links":{"self":[{"href":"https:\/\/kidslicensing.com\/es\/wp-json\/wp\/v2\/product\/77376","targetHints":{"allow":["GET"]}}],"collection":[{"href":"https:\/\/kidslicensing.com\/es\/wp-json\/wp\/v2\/product"}],"about":[{"href":"https:\/\/kidslicensing.com\/es\/wp-json\/wp\/v2\/types\/product"}],"replies":[{"embeddable":true,"href":"https:\/\/kidslicensing.com\/es\/wp-json\/wp\/v2\/comments?post=77376"}],"version-history":[{"count":1,"href":"https:\/\/kidslicensing.com\/es\/wp-json\/wp\/v2\/product\/77376\/revisions"}],"predecessor-version":[{"id":77408,"href":"https:\/\/kidslicensing.com\/es\/wp-json\/wp\/v2\/product\/77376\/revisions\/77408"}],"wp:featuredmedia":[{"embeddable":true,"href":"https:\/\/kidslicensing.com\/es\/wp-json\/wp\/v2\/media\/81338"}],"wp:attachment":[{"href":"https:\/\/kidslicensing.com\/es\/wp-json\/wp\/v2\/media?parent=77376"}],"wp:term":[{"taxonomy":"product_cat","embeddable":true,"href":"https:\/\/kidslicensing.com\/es\/wp-json\/wp\/v2\/product_cat?post=77376"},{"taxonomy":"product_tag","embeddable":true,"href":"https:\/\/kidslicensing.com\/es\/wp-json\/wp\/v2\/product_tag?post=77376"}],"curies":[{"name":"wp","href":"https:\/\/api.w.org\/{rel}","templated":true}]}}