{"id":77377,"date":"2023-04-03T13:32:38","date_gmt":"2023-04-03T11:32:38","guid":{"rendered":"https:\/\/kidslicensing.com\/?post_type=product&#038;p=77377"},"modified":"2023-04-18T14:21:22","modified_gmt":"2023-04-18T12:21:22","slug":"frozen-diario-boligrafo-magico","status":"publish","type":"product","link":"https:\/\/kidslicensing.com\/es\/shop\/stationery-es\/notebooks-diaries-es\/frozen-diario-boligrafo-magico\/","title":{"rendered":"DIARIO CON BOL\u00cdGRAFO M\u00c1GICO\u00a0FROZEN"},"content":{"rendered":"","protected":false},"excerpt":{"rendered":"<p>Da rienda suelta a la creatividad con este diario secreto y su bol\u00edgrafo m\u00e1gico a juego de Frozen.<\/p>\n<p>Perfecto para apuntar todos tus secretos y dejar anotados los mejores momentos de tu d\u00eda a d\u00eda. Tiene una cubierta resistente con un encantador dise\u00f1o de los personajes de Frozen. Pero es que adem\u00e1s, tiene un boli nm\u00e1gico que escribe con tinta transparente y que solo se puede leer con la linterna secreta.<\/p>\n<p>\u00bfYa tienes tus secretos a salvo?<\/p>\n","protected":false},"featured_media":81354,"comment_status":"open","ping_status":"closed","template":"","meta":[],"product_cat":[962],"product_tag":[162],"class_list":{"0":"post-77377","1":"product","2":"type-product","3":"status-publish","4":"has-post-thumbnail","5":"hentry","6":"product_cat-notebooks-diaries-es","7":"product_tag-frozen-es","9":"entry","10":"has-media","11":"owp-thumbs-layout-horizontal","12":"owp-btn-normal","13":"owp-tabs-layout-horizontal","14":"has-product-nav"},"_links":{"self":[{"href":"https:\/\/kidslicensing.com\/es\/wp-json\/wp\/v2\/product\/77377","targetHints":{"allow":["GET"]}}],"collection":[{"href":"https:\/\/kidslicensing.com\/es\/wp-json\/wp\/v2\/product"}],"about":[{"href":"https:\/\/kidslicensing.com\/es\/wp-json\/wp\/v2\/types\/product"}],"replies":[{"embeddable":true,"href":"https:\/\/kidslicensing.com\/es\/wp-json\/wp\/v2\/comments?post=77377"}],"version-history":[{"count":1,"href":"https:\/\/kidslicensing.com\/es\/wp-json\/wp\/v2\/product\/77377\/revisions"}],"predecessor-version":[{"id":77409,"href":"https:\/\/kidslicensing.com\/es\/wp-json\/wp\/v2\/product\/77377\/revisions\/77409"}],"wp:featuredmedia":[{"embeddable":true,"href":"https:\/\/kidslicensing.com\/es\/wp-json\/wp\/v2\/media\/81354"}],"wp:attachment":[{"href":"https:\/\/kidslicensing.com\/es\/wp-json\/wp\/v2\/media?parent=77377"}],"wp:term":[{"taxonomy":"product_cat","embeddable":true,"href":"https:\/\/kidslicensing.com\/es\/wp-json\/wp\/v2\/product_cat?post=77377"},{"taxonomy":"product_tag","embeddable":true,"href":"https:\/\/kidslicensing.com\/es\/wp-json\/wp\/v2\/product_tag?post=77377"}],"curies":[{"name":"wp","href":"https:\/\/api.w.org\/{rel}","templated":true}]}}