{"id":77418,"date":"2023-04-03T13:51:45","date_gmt":"2023-04-03T11:51:45","guid":{"rendered":"https:\/\/kidslicensing.com\/?post_type=product&#038;p=77418"},"modified":"2023-05-16T12:42:54","modified_gmt":"2023-05-16T10:42:54","slug":"you-are-special-cepillo-pelo-2","status":"publish","type":"product","link":"https:\/\/kidslicensing.com\/es\/shop\/beauty-es\/hair-accessories-beauty-es\/you-are-special-cepillo-pelo-2\/","title":{"rendered":"CEPILLO DE PELO YOU ARE SPECIAL"},"content":{"rendered":"","protected":false},"excerpt":{"rendered":"<p>Este exclusivo Cepillo desenredante You&#8217;re Special es el cepillo perfecto para salvarte de situaciones inc\u00f3modas donde quiera que vayas. Su forma redonda con mango hace que sea f\u00e1cil de manejar y guardar en cualquier sitio para cuando te desplaces. El cepillo tiene m\u00faltiples cerdas y la \u00faltima tecnolog\u00eda para una experiencia suave y sin dolor.<\/p>\n<p>\u00a1Desp\u00eddete del pelo enredado!<\/p>\n","protected":false},"featured_media":83904,"comment_status":"open","ping_status":"closed","template":"","meta":[],"product_cat":[835],"product_tag":[1047],"class_list":{"0":"post-77418","1":"product","2":"type-product","3":"status-publish","4":"has-post-thumbnail","5":"hentry","6":"product_cat-hair-accessories-beauty-es","7":"product_tag-you-are-special-es","9":"entry","10":"has-media","11":"owp-thumbs-layout-horizontal","12":"owp-btn-normal","13":"owp-tabs-layout-horizontal","14":"has-product-nav"},"_links":{"self":[{"href":"https:\/\/kidslicensing.com\/es\/wp-json\/wp\/v2\/product\/77418","targetHints":{"allow":["GET"]}}],"collection":[{"href":"https:\/\/kidslicensing.com\/es\/wp-json\/wp\/v2\/product"}],"about":[{"href":"https:\/\/kidslicensing.com\/es\/wp-json\/wp\/v2\/types\/product"}],"replies":[{"embeddable":true,"href":"https:\/\/kidslicensing.com\/es\/wp-json\/wp\/v2\/comments?post=77418"}],"version-history":[{"count":1,"href":"https:\/\/kidslicensing.com\/es\/wp-json\/wp\/v2\/product\/77418\/revisions"}],"predecessor-version":[{"id":77423,"href":"https:\/\/kidslicensing.com\/es\/wp-json\/wp\/v2\/product\/77418\/revisions\/77423"}],"wp:featuredmedia":[{"embeddable":true,"href":"https:\/\/kidslicensing.com\/es\/wp-json\/wp\/v2\/media\/83904"}],"wp:attachment":[{"href":"https:\/\/kidslicensing.com\/es\/wp-json\/wp\/v2\/media?parent=77418"}],"wp:term":[{"taxonomy":"product_cat","embeddable":true,"href":"https:\/\/kidslicensing.com\/es\/wp-json\/wp\/v2\/product_cat?post=77418"},{"taxonomy":"product_tag","embeddable":true,"href":"https:\/\/kidslicensing.com\/es\/wp-json\/wp\/v2\/product_tag?post=77418"}],"curies":[{"name":"wp","href":"https:\/\/api.w.org\/{rel}","templated":true}]}}