{"id":77427,"date":"2023-04-03T13:59:57","date_gmt":"2023-04-03T11:59:57","guid":{"rendered":"https:\/\/kidslicensing.com\/?post_type=product&#038;p=77427"},"modified":"2023-05-16T12:42:56","modified_gmt":"2023-05-16T10:42:56","slug":"sweet-dreams-libreta-smartphone","status":"publish","type":"product","link":"https:\/\/kidslicensing.com\/es\/shop\/stationery-es\/notebooks-diaries-es\/sweet-dreams-libreta-smartphone\/","title":{"rendered":"LIBRETA SMARTPHONE SWEET DREAMS"},"content":{"rendered":"","protected":false},"excerpt":{"rendered":"<p>Todos sabemos que los peques quieren ser como los mayores que les rodean y quieren tener sus propios tel\u00e9fonos m\u00f3viles. Por eso traemos esta libreta tan divertida de nuestro unicornio favorito de Sweet Dreams. Con un dise\u00f1o colorido y divertido, las m\u00e1s peque\u00f1as de casa dejaran volar su imaginaci\u00f3n creando contenido escrito en esta libreta como si de un m\u00f3vil personalizado se tratara. Adem\u00e1s, tiene todas las p\u00e1ginas personalizadas para que sea una aunt\u00e9ntica diversi\u00f3n. \u00a1Es ideal!<\/p>\n","protected":false},"featured_media":84000,"comment_status":"open","ping_status":"closed","template":"","meta":[],"product_cat":[962],"product_tag":[1050],"class_list":{"0":"post-77427","1":"product","2":"type-product","3":"status-publish","4":"has-post-thumbnail","5":"hentry","6":"product_cat-notebooks-diaries-es","7":"product_tag-sweet-dreams-es","9":"entry","10":"has-media","11":"owp-thumbs-layout-horizontal","12":"owp-btn-normal","13":"owp-tabs-layout-horizontal","14":"has-product-nav"},"_links":{"self":[{"href":"https:\/\/kidslicensing.com\/es\/wp-json\/wp\/v2\/product\/77427","targetHints":{"allow":["GET"]}}],"collection":[{"href":"https:\/\/kidslicensing.com\/es\/wp-json\/wp\/v2\/product"}],"about":[{"href":"https:\/\/kidslicensing.com\/es\/wp-json\/wp\/v2\/types\/product"}],"replies":[{"embeddable":true,"href":"https:\/\/kidslicensing.com\/es\/wp-json\/wp\/v2\/comments?post=77427"}],"version-history":[{"count":1,"href":"https:\/\/kidslicensing.com\/es\/wp-json\/wp\/v2\/product\/77427\/revisions"}],"predecessor-version":[{"id":77429,"href":"https:\/\/kidslicensing.com\/es\/wp-json\/wp\/v2\/product\/77427\/revisions\/77429"}],"wp:featuredmedia":[{"embeddable":true,"href":"https:\/\/kidslicensing.com\/es\/wp-json\/wp\/v2\/media\/84000"}],"wp:attachment":[{"href":"https:\/\/kidslicensing.com\/es\/wp-json\/wp\/v2\/media?parent=77427"}],"wp:term":[{"taxonomy":"product_cat","embeddable":true,"href":"https:\/\/kidslicensing.com\/es\/wp-json\/wp\/v2\/product_cat?post=77427"},{"taxonomy":"product_tag","embeddable":true,"href":"https:\/\/kidslicensing.com\/es\/wp-json\/wp\/v2\/product_tag?post=77427"}],"curies":[{"name":"wp","href":"https:\/\/api.w.org\/{rel}","templated":true}]}}