{"id":77473,"date":"2023-04-03T16:22:54","date_gmt":"2023-04-03T14:22:54","guid":{"rendered":"https:\/\/kidslicensing.com\/?post_type=product&#038;p=77473"},"modified":"2023-04-18T14:25:54","modified_gmt":"2023-04-18T12:25:54","slug":"harry-potter-taza-3d","status":"publish","type":"product","link":"https:\/\/kidslicensing.com\/es\/shop\/homeware-es\/mugs-es\/harry-potter-taza-3d\/","title":{"rendered":"TAZA 3D HARRY POTTER"},"content":{"rendered":"","protected":false},"excerpt":{"rendered":"<p>Taza de cer\u00e1mica de Harry Potter. Con dise\u00f1o 3D de la plataforma m\u00e1s famosa de la pel\u00edcula y con un gran tama\u00f1o, se puede considerar una jarra para tomar tus bebidas favoritas durante el d\u00eda. \u00bfYa tienes tu super taza-jarra?<\/p>\n","protected":false},"featured_media":81402,"comment_status":"open","ping_status":"closed","template":"","meta":[],"product_cat":[891],"product_tag":[4962],"class_list":{"0":"post-77473","1":"product","2":"type-product","3":"status-publish","4":"has-post-thumbnail","5":"hentry","6":"product_cat-mugs-es","7":"product_tag-harry-potter-es","9":"entry","10":"has-media","11":"owp-thumbs-layout-horizontal","12":"owp-btn-normal","13":"owp-tabs-layout-horizontal","14":"has-no-thumbnails","15":"has-product-nav"},"_links":{"self":[{"href":"https:\/\/kidslicensing.com\/es\/wp-json\/wp\/v2\/product\/77473","targetHints":{"allow":["GET"]}}],"collection":[{"href":"https:\/\/kidslicensing.com\/es\/wp-json\/wp\/v2\/product"}],"about":[{"href":"https:\/\/kidslicensing.com\/es\/wp-json\/wp\/v2\/types\/product"}],"replies":[{"embeddable":true,"href":"https:\/\/kidslicensing.com\/es\/wp-json\/wp\/v2\/comments?post=77473"}],"version-history":[{"count":1,"href":"https:\/\/kidslicensing.com\/es\/wp-json\/wp\/v2\/product\/77473\/revisions"}],"predecessor-version":[{"id":77492,"href":"https:\/\/kidslicensing.com\/es\/wp-json\/wp\/v2\/product\/77473\/revisions\/77492"}],"wp:featuredmedia":[{"embeddable":true,"href":"https:\/\/kidslicensing.com\/es\/wp-json\/wp\/v2\/media\/81402"}],"wp:attachment":[{"href":"https:\/\/kidslicensing.com\/es\/wp-json\/wp\/v2\/media?parent=77473"}],"wp:term":[{"taxonomy":"product_cat","embeddable":true,"href":"https:\/\/kidslicensing.com\/es\/wp-json\/wp\/v2\/product_cat?post=77473"},{"taxonomy":"product_tag","embeddable":true,"href":"https:\/\/kidslicensing.com\/es\/wp-json\/wp\/v2\/product_tag?post=77473"}],"curies":[{"name":"wp","href":"https:\/\/api.w.org\/{rel}","templated":true}]}}