{"id":77477,"date":"2023-04-03T16:30:44","date_gmt":"2023-04-03T14:30:44","guid":{"rendered":"https:\/\/kidslicensing.com\/?post_type=product&#038;p=77477"},"modified":"2023-05-16T13:16:55","modified_gmt":"2023-05-16T11:16:55","slug":"mickey-set-papeleria-5-piezas","status":"publish","type":"product","link":"https:\/\/kidslicensing.com\/es\/shop\/stationery-es\/stationery-sets-es\/mickey-set-papeleria-5-piezas\/","title":{"rendered":"SET DE PAPELERIA 5 PIEZAS MICKEY"},"content":{"rendered":"","protected":false},"excerpt":{"rendered":"<p>Dise\u00f1ado para caber en cualquier estuche est\u00e1ndar este set de Papeler\u00eda de Mickey Mouse que contiene todo lo esencial para la temporada de vuelta al cole.<\/p>\n<p>El set incluye:<\/p>\n<p>1 x Cuaderno A5<br \/>1 x Borrador<br \/>1 x L\u00e1piz<br \/>1 x Regla<br \/>1 x Sacapuntas<br \/>\u00bfEst\u00e1s preparado para ser creativo?<\/p>\n","protected":false},"featured_media":84296,"comment_status":"open","ping_status":"closed","template":"","meta":[],"product_cat":[976],"product_tag":[204],"class_list":{"0":"post-77477","1":"product","2":"type-product","3":"status-publish","4":"has-post-thumbnail","5":"hentry","6":"product_cat-stationery-sets-es","7":"product_tag-mickey-mouse-es","9":"entry","10":"has-media","11":"owp-thumbs-layout-horizontal","12":"owp-btn-normal","13":"owp-tabs-layout-horizontal","14":"has-no-thumbnails","15":"has-product-nav"},"_links":{"self":[{"href":"https:\/\/kidslicensing.com\/es\/wp-json\/wp\/v2\/product\/77477","targetHints":{"allow":["GET"]}}],"collection":[{"href":"https:\/\/kidslicensing.com\/es\/wp-json\/wp\/v2\/product"}],"about":[{"href":"https:\/\/kidslicensing.com\/es\/wp-json\/wp\/v2\/types\/product"}],"replies":[{"embeddable":true,"href":"https:\/\/kidslicensing.com\/es\/wp-json\/wp\/v2\/comments?post=77477"}],"version-history":[{"count":1,"href":"https:\/\/kidslicensing.com\/es\/wp-json\/wp\/v2\/product\/77477\/revisions"}],"predecessor-version":[{"id":77496,"href":"https:\/\/kidslicensing.com\/es\/wp-json\/wp\/v2\/product\/77477\/revisions\/77496"}],"wp:featuredmedia":[{"embeddable":true,"href":"https:\/\/kidslicensing.com\/es\/wp-json\/wp\/v2\/media\/84296"}],"wp:attachment":[{"href":"https:\/\/kidslicensing.com\/es\/wp-json\/wp\/v2\/media?parent=77477"}],"wp:term":[{"taxonomy":"product_cat","embeddable":true,"href":"https:\/\/kidslicensing.com\/es\/wp-json\/wp\/v2\/product_cat?post=77477"},{"taxonomy":"product_tag","embeddable":true,"href":"https:\/\/kidslicensing.com\/es\/wp-json\/wp\/v2\/product_tag?post=77477"}],"curies":[{"name":"wp","href":"https:\/\/api.w.org\/{rel}","templated":true}]}}