{"id":77485,"date":"2023-04-03T16:47:55","date_gmt":"2023-04-03T14:47:55","guid":{"rendered":"https:\/\/kidslicensing.com\/?post_type=product&#038;p=77485"},"modified":"2023-04-18T15:53:12","modified_gmt":"2023-04-18T13:53:12","slug":"sweet-dreams-monedero-pu-rosa-metalizado","status":"publish","type":"product","link":"https:\/\/kidslicensing.com\/es\/shop\/bags-backpacks-es\/bolsas-bolsos\/sweet-dreams-monedero-pu-rosa-metalizado\/","title":{"rendered":"MONEDERO PU ROSA METALIZADO SWEET DREAMS (6&#215;4)"},"content":{"rendered":"","protected":false},"excerpt":{"rendered":"<p>El monedero de Sweet Dreams tiene el dise\u00f1o y el tama\u00f1o ideales para que tu peque vaya a la \u00faltima moda y lleve consigo su dinerito para sus peque\u00f1os caprichos. Con su efecto metalizado brillante y su capa de l\u00edquido con purpurina, \u00a1ir\u00e1 a la \u00faltima moda! Tiene cierre con cremallera y, en el interior, cuenta con dos compartimentos para que aprenda a organizar su dinero. Sin duda, es el monedero ideal para las amantes de los unicornios.<\/p>\n","protected":false},"featured_media":81467,"comment_status":"open","ping_status":"closed","template":"","meta":[],"product_cat":[808],"product_tag":[1050],"class_list":{"0":"post-77485","1":"product","2":"type-product","3":"status-publish","4":"has-post-thumbnail","5":"hentry","6":"product_cat-bolsas-bolsos","7":"product_tag-sweet-dreams-es","9":"entry","10":"has-media","11":"owp-thumbs-layout-horizontal","12":"owp-btn-normal","13":"owp-tabs-layout-horizontal","14":"has-no-thumbnails","15":"has-product-nav"},"_links":{"self":[{"href":"https:\/\/kidslicensing.com\/es\/wp-json\/wp\/v2\/product\/77485","targetHints":{"allow":["GET"]}}],"collection":[{"href":"https:\/\/kidslicensing.com\/es\/wp-json\/wp\/v2\/product"}],"about":[{"href":"https:\/\/kidslicensing.com\/es\/wp-json\/wp\/v2\/types\/product"}],"replies":[{"embeddable":true,"href":"https:\/\/kidslicensing.com\/es\/wp-json\/wp\/v2\/comments?post=77485"}],"version-history":[{"count":1,"href":"https:\/\/kidslicensing.com\/es\/wp-json\/wp\/v2\/product\/77485\/revisions"}],"predecessor-version":[{"id":77504,"href":"https:\/\/kidslicensing.com\/es\/wp-json\/wp\/v2\/product\/77485\/revisions\/77504"}],"wp:featuredmedia":[{"embeddable":true,"href":"https:\/\/kidslicensing.com\/es\/wp-json\/wp\/v2\/media\/81467"}],"wp:attachment":[{"href":"https:\/\/kidslicensing.com\/es\/wp-json\/wp\/v2\/media?parent=77485"}],"wp:term":[{"taxonomy":"product_cat","embeddable":true,"href":"https:\/\/kidslicensing.com\/es\/wp-json\/wp\/v2\/product_cat?post=77485"},{"taxonomy":"product_tag","embeddable":true,"href":"https:\/\/kidslicensing.com\/es\/wp-json\/wp\/v2\/product_tag?post=77485"}],"curies":[{"name":"wp","href":"https:\/\/api.w.org\/{rel}","templated":true}]}}